{"id":27652,"date":"2024-02-15T11:53:14","date_gmt":"2024-02-15T11:53:14","guid":{"rendered":"https:\/\/atikerholding.com.tr\/insaat\/"},"modified":"2024-03-08T08:49:28","modified_gmt":"2024-03-08T08:49:28","slug":"construction","status":"publish","type":"page","link":"https:\/\/atikerholding.com.tr\/en\/construction\/","title":{"rendered":"Construction"},"content":{"rendered":"\t\t<div data-elementor-type=\"wp-page\" data-elementor-id=\"27652\" class=\"elementor elementor-27652\">\n\t\t\t\t\t\t<section class=\"elementor-section elementor-top-section elementor-element elementor-element-2286a65 elementor-section-boxed elementor-section-height-default elementor-section-height-default\" data-id=\"2286a65\" data-element_type=\"section\" data-settings=\"{&quot;background_background&quot;:&quot;video&quot;,&quot;background_video_link&quot;:&quot;https:\\\/\\\/youtu.be\\\/T2iH_xqM2RA&quot;,&quot;background_video_end&quot;:167,&quot;background_play_on_mobile&quot;:&quot;yes&quot;}\">\n\t\t\t\t\t\t\t\t<div class=\"elementor-background-video-container\">\n\t\t\t\t\t\t\t\t\t\t\t\t\t<div class=\"elementor-background-video-embed\"><\/div>\n\t\t\t\t\t\t\t\t\t\t\t\t<\/div>\n\t\t\t\t\t\t\t\t\t<div class=\"elementor-background-overlay\"><\/div>\n\t\t\t\t\t\t\t<div class=\"elementor-container elementor-column-gap-default\">\n\t\t\t\t\t<div class=\"elementor-column elementor-col-100 elementor-top-column elementor-element elementor-element-53847d6 animated-slow elementor-invisible\" data-id=\"53847d6\" data-element_type=\"column\" data-settings=\"{&quot;animation&quot;:&quot;fadeInLeft&quot;}\">\n\t\t\t<div class=\"elementor-widget-wrap elementor-element-populated\">\n\t\t\t\t\t\t<div class=\"elementor-element elementor-element-4b08767 animated-slow elementor-invisible elementor-widget elementor-widget-heading\" data-id=\"4b08767\" data-element_type=\"widget\" data-settings=\"{&quot;_animation&quot;:&quot;fadeInUp&quot;}\" data-widget_type=\"heading.default\">\n\t\t\t\t<div class=\"elementor-widget-container\">\n\t\t\t\t\t<h2 class=\"elementor-heading-title elementor-size-default\">HIGH SAVINGS<br> HIGH PERFORMANCE<\/h2>\t\t\t\t<\/div>\n\t\t\t\t<\/div>\n\t\t\t\t<div class=\"elementor-element elementor-element-8f310d0 elementor-icon-list--layout-inline elementor-list-item-link-full_width elementor-widget elementor-widget-icon-list\" data-id=\"8f310d0\" data-element_type=\"widget\" data-widget_type=\"icon-list.default\">\n\t\t\t\t<div class=\"elementor-widget-container\">\n\t\t\t\t\t\t\t<ul class=\"elementor-icon-list-items elementor-inline-items\">\n\t\t\t\t\t\t\t<li class=\"elementor-icon-list-item elementor-inline-item\">\n\t\t\t\t\t\t\t\t\t\t\t<a href=\"\/en\/\">\n\n\t\t\t\t\t\t\t\t\t\t\t<span class=\"elementor-icon-list-text\">Home<\/span>\n\t\t\t\t\t\t\t\t\t\t\t<\/a>\n\t\t\t\t\t\t\t\t\t<\/li>\n\t\t\t\t\t\t\t\t<li class=\"elementor-icon-list-item elementor-inline-item\">\n\t\t\t\t\t\t\t\t\t\t\t<span class=\"elementor-icon-list-icon\">\n\t\t\t\t\t\t\t<i aria-hidden=\"true\" class=\"jki jki-right-arrow\"><\/i>\t\t\t\t\t\t<\/span>\n\t\t\t\t\t\t\t\t\t\t<span class=\"elementor-icon-list-text\">Construction<\/span>\n\t\t\t\t\t\t\t\t\t<\/li>\n\t\t\t\t\t\t<\/ul>\n\t\t\t\t\t\t<\/div>\n\t\t\t\t<\/div>\n\t\t\t\t\t<\/div>\n\t\t<\/div>\n\t\t\t\t\t<\/div>\n\t\t<\/section>\n\t\t\t\t<section class=\"elementor-section elementor-top-section elementor-element elementor-element-2f7df91 elementor-section-boxed elementor-section-height-default elementor-section-height-default\" data-id=\"2f7df91\" data-element_type=\"section\" data-settings=\"{&quot;background_background&quot;:&quot;classic&quot;}\">\n\t\t\t\t\t\t<div class=\"elementor-container elementor-column-gap-default\">\n\t\t\t\t\t<div class=\"elementor-column elementor-col-100 elementor-top-column elementor-element elementor-element-c5e63af\" data-id=\"c5e63af\" data-element_type=\"column\">\n\t\t\t<div class=\"elementor-widget-wrap elementor-element-populated\">\n\t\t\t\t\t\t<div class=\"elementor-element elementor-element-cba728c animated-slow elementor-invisible elementor-widget elementor-widget-heading\" data-id=\"cba728c\" data-element_type=\"widget\" data-settings=\"{&quot;_animation&quot;:&quot;fadeInDown&quot;}\" data-widget_type=\"heading.default\">\n\t\t\t\t<div class=\"elementor-widget-container\">\n\t\t\t\t\t<h2 class=\"elementor-heading-title elementor-size-default\">A TURKISH BRAND WORLDWIDE<\/h2>\t\t\t\t<\/div>\n\t\t\t\t<\/div>\n\t\t\t\t<div class=\"elementor-element elementor-element-fbbc93f animated-slow elementor-invisible elementor-widget elementor-widget-text-editor\" data-id=\"fbbc93f\" data-element_type=\"widget\" data-settings=\"{&quot;_animation&quot;:&quot;fadeInUp&quot;}\" data-widget_type=\"text-editor.default\">\n\t\t\t\t<div class=\"elementor-widget-container\">\n\t\t\t\t\t\t\t\t\t<p>As a world-wide Turkish brand, we create a global impact with the products and services we proudly introduce. We are proud to be a brand known worldwide with our quality and innovative approach, going beyond the borders of Turkey.<\/p>\t\t\t\t\t\t\t\t<\/div>\n\t\t\t\t<\/div>\n\t\t\t\t\t<\/div>\n\t\t<\/div>\n\t\t\t\t\t<\/div>\n\t\t<\/section>\n\t\t\t\t<section class=\"elementor-section elementor-top-section elementor-element elementor-element-19dc5f7 elementor-section-full_width elementor-section-height-default elementor-section-height-default\" data-id=\"19dc5f7\" data-element_type=\"section\" data-settings=\"{&quot;background_background&quot;:&quot;classic&quot;}\">\n\t\t\t\t\t\t<div class=\"elementor-container elementor-column-gap-default\">\n\t\t\t\t\t<div class=\"elementor-column elementor-col-100 elementor-top-column elementor-element elementor-element-1592b7f\" data-id=\"1592b7f\" data-element_type=\"column\">\n\t\t\t<div class=\"elementor-widget-wrap elementor-element-populated\">\n\t\t\t\t\t\t<section class=\"elementor-section elementor-inner-section elementor-element elementor-element-f76e5ec elementor-section-boxed elementor-section-height-default elementor-section-height-default\" data-id=\"f76e5ec\" data-element_type=\"section\" data-settings=\"{&quot;background_background&quot;:&quot;classic&quot;}\">\n\t\t\t\t\t\t<div class=\"elementor-container elementor-column-gap-default\">\n\t\t\t\t\t<div class=\"elementor-column elementor-col-50 elementor-inner-column elementor-element elementor-element-232457d animated-slow elementor-invisible\" data-id=\"232457d\" data-element_type=\"column\" data-settings=\"{&quot;background_background&quot;:&quot;classic&quot;,&quot;animation&quot;:&quot;fadeInLeft&quot;}\">\n\t\t\t<div class=\"elementor-widget-wrap elementor-element-populated\">\n\t\t\t\t\t<div class=\"elementor-background-overlay\"><\/div>\n\t\t\t\t\t\t<div class=\"elementor-element elementor-element-066455a elementor-widget elementor-widget-heading\" data-id=\"066455a\" data-element_type=\"widget\" data-widget_type=\"heading.default\">\n\t\t\t\t<div class=\"elementor-widget-container\">\n\t\t\t\t\t<h2 class=\"elementor-heading-title elementor-size-default\">our v\u0131s\u0131on<\/h2>\t\t\t\t<\/div>\n\t\t\t\t<\/div>\n\t\t\t\t<div class=\"elementor-element elementor-element-ff318ee elementor-widget elementor-widget-text-editor\" data-id=\"ff318ee\" data-element_type=\"widget\" data-widget_type=\"text-editor.default\">\n\t\t\t\t<div class=\"elementor-widget-container\">\n\t\t\t\t\t\t\t\t\t<p>To ensure the continuous development of the products produced by keeping the satisfaction of all our stakeholders, especially customers and employees, at the highest level in every sector in which we operate. To continue to contribute to our country&#8217;s economy and work for its benefit with a reliable and transparent production approach.<\/p><p>To move forward with strong steps by improving service quality day by day in the sectors in which you operate. Our knowledge and experience gained by serving our customers for many years; To continue working wholeheartedly with the power of our corporate culture, values and qualified human resources.<\/p><p>Opening up to new markets with stable growth.<\/p>\t\t\t\t\t\t\t\t<\/div>\n\t\t\t\t<\/div>\n\t\t\t\t\t<\/div>\n\t\t<\/div>\n\t\t\t\t<div class=\"elementor-column elementor-col-50 elementor-inner-column elementor-element elementor-element-db4bedd animated-slow elementor-invisible\" data-id=\"db4bedd\" data-element_type=\"column\" data-settings=\"{&quot;background_background&quot;:&quot;classic&quot;,&quot;animation&quot;:&quot;fadeInRight&quot;}\">\n\t\t\t<div class=\"elementor-widget-wrap elementor-element-populated\">\n\t\t\t\t\t<div class=\"elementor-background-overlay\"><\/div>\n\t\t\t\t\t\t<div class=\"elementor-element elementor-element-0fc0809 elementor-widget elementor-widget-heading\" data-id=\"0fc0809\" data-element_type=\"widget\" data-widget_type=\"heading.default\">\n\t\t\t\t<div class=\"elementor-widget-container\">\n\t\t\t\t\t<h2 class=\"elementor-heading-title elementor-size-default\">our m\u0131ss\u0131on<\/h2>\t\t\t\t<\/div>\n\t\t\t\t<\/div>\n\t\t\t\t<div class=\"elementor-element elementor-element-8bad541 elementor-widget elementor-widget-text-editor\" data-id=\"8bad541\" data-element_type=\"widget\" data-widget_type=\"text-editor.default\">\n\t\t\t\t<div class=\"elementor-widget-container\">\n\t\t\t\t\t\t\t\t\t<p>To offer environmentally friendly products that never compromise on product quality and safety, taking into account consumer expectations. To be a pioneer in the sectors we operate in and an example to the whole world with products developed thanks to high technological infrastructure.<\/p><p>To be a popular brand with projects developed based on respect for people. To meet the expectations of our customers in the best way by making their lives easier by acting with the understanding of social benefit. To increase the worldwide awareness and prestige of the brands we represent.<\/p><p>To keep efficiency at the highest level with sustainable production.<\/p>\t\t\t\t\t\t\t\t<\/div>\n\t\t\t\t<\/div>\n\t\t\t\t\t<\/div>\n\t\t<\/div>\n\t\t\t\t\t<\/div>\n\t\t<\/section>\n\t\t\t\t\t<\/div>\n\t\t<\/div>\n\t\t\t\t\t<\/div>\n\t\t<\/section>\n\t\t\t\t<section class=\"elementor-section elementor-top-section elementor-element elementor-element-a038474 elementor-section-full_width elementor-section-height-default elementor-section-height-default\" data-id=\"a038474\" data-element_type=\"section\" data-settings=\"{&quot;background_background&quot;:&quot;classic&quot;}\">\n\t\t\t\t\t\t<div class=\"elementor-container elementor-column-gap-default\">\n\t\t\t\t\t<div class=\"elementor-column elementor-col-100 elementor-top-column elementor-element elementor-element-516bd62\" data-id=\"516bd62\" data-element_type=\"column\">\n\t\t\t<div class=\"elementor-widget-wrap elementor-element-populated\">\n\t\t\t\t\t\t<div class=\"elementor-element elementor-element-50b9078 animated-slow elementor-invisible elementor-widget elementor-widget-image\" data-id=\"50b9078\" data-element_type=\"widget\" data-settings=\"{&quot;_animation&quot;:&quot;fadeIn&quot;,&quot;_animation_delay&quot;:500}\" data-widget_type=\"image.default\">\n\t\t\t\t<div class=\"elementor-widget-container\">\n\t\t\t\t\t\t\t\t\t\t\t\t\t\t\t<img fetchpriority=\"high\" decoding=\"async\" width=\"1920\" height=\"1300\" src=\"https:\/\/atikerholding.com.tr\/wp-content\/uploads\/2024\/02\/insaat-4.jpg\" class=\"attachment-full size-full wp-image-25638\" alt=\"\" srcset=\"https:\/\/atikerholding.com.tr\/wp-content\/uploads\/2024\/02\/insaat-4.jpg 1920w, https:\/\/atikerholding.com.tr\/wp-content\/uploads\/2024\/02\/insaat-4-300x203.jpg 300w, https:\/\/atikerholding.com.tr\/wp-content\/uploads\/2024\/02\/insaat-4-1024x693.jpg 1024w, https:\/\/atikerholding.com.tr\/wp-content\/uploads\/2024\/02\/insaat-4-768x520.jpg 768w, https:\/\/atikerholding.com.tr\/wp-content\/uploads\/2024\/02\/insaat-4-1536x1040.jpg 1536w\" sizes=\"(max-width: 1920px) 100vw, 1920px\" \/>\t\t\t\t\t\t\t\t\t\t\t\t\t\t\t<\/div>\n\t\t\t\t<\/div>\n\t\t\t\t\t<\/div>\n\t\t<\/div>\n\t\t\t\t\t<\/div>\n\t\t<\/section>\n\t\t\t\t<section class=\"elementor-section elementor-top-section elementor-element elementor-element-747c8db elementor-section-full_width elementor-section-height-default elementor-section-height-default\" data-id=\"747c8db\" data-element_type=\"section\" data-settings=\"{&quot;background_background&quot;:&quot;classic&quot;}\">\n\t\t\t\t\t\t<div class=\"elementor-container elementor-column-gap-default\">\n\t\t\t\t\t<div class=\"elementor-column elementor-col-100 elementor-top-column elementor-element elementor-element-2f6f137\" data-id=\"2f6f137\" data-element_type=\"column\">\n\t\t\t<div class=\"elementor-widget-wrap\">\n\t\t\t\t\t\t\t<\/div>\n\t\t<\/div>\n\t\t\t\t\t<\/div>\n\t\t<\/section>\n\t\t\t\t<section class=\"elementor-section elementor-top-section elementor-element elementor-element-ac7b33a elementor-section-full_width elementor-section-height-default elementor-section-height-default\" data-id=\"ac7b33a\" data-element_type=\"section\" data-settings=\"{&quot;background_background&quot;:&quot;classic&quot;}\">\n\t\t\t\t\t\t<div class=\"elementor-container elementor-column-gap-default\">\n\t\t\t\t\t<div class=\"elementor-column elementor-col-100 elementor-top-column elementor-element elementor-element-e8b615a\" data-id=\"e8b615a\" data-element_type=\"column\">\n\t\t\t<div class=\"elementor-widget-wrap elementor-element-populated\">\n\t\t\t\t\t\t<section class=\"elementor-section elementor-inner-section elementor-element elementor-element-155ae4a elementor-reverse-mobile elementor-section-boxed elementor-section-height-default elementor-section-height-default\" data-id=\"155ae4a\" data-element_type=\"section\" data-settings=\"{&quot;background_background&quot;:&quot;classic&quot;}\">\n\t\t\t\t\t\t<div class=\"elementor-container elementor-column-gap-default\">\n\t\t\t\t\t<div class=\"elementor-column elementor-col-100 elementor-inner-column elementor-element elementor-element-d3067c5 animated-slow elementor-invisible\" data-id=\"d3067c5\" data-element_type=\"column\" data-settings=\"{&quot;background_background&quot;:&quot;classic&quot;,&quot;animation&quot;:&quot;fadeInLeft&quot;}\">\n\t\t\t<div class=\"elementor-widget-wrap elementor-element-populated\">\n\t\t\t\t\t<div class=\"elementor-background-overlay\"><\/div>\n\t\t\t\t\t\t<div class=\"elementor-element elementor-element-d3f9de2 elementor-widget elementor-widget-heading\" data-id=\"d3f9de2\" data-element_type=\"widget\" data-widget_type=\"heading.default\">\n\t\t\t\t<div class=\"elementor-widget-container\">\n\t\t\t\t\t<h2 class=\"elementor-heading-title elementor-size-default\">\u00d6MER AT\u0130KER  M\u0130MARLIK M\u00dcHEND\u0130SL\u0130K <\/h2>\t\t\t\t<\/div>\n\t\t\t\t<\/div>\n\t\t\t\t<div class=\"elementor-element elementor-element-7f2500f elementor-widget elementor-widget-text-editor\" data-id=\"7f2500f\" data-element_type=\"widget\" data-widget_type=\"text-editor.default\">\n\t\t\t\t<div class=\"elementor-widget-container\">\n\t\t\t\t\t\t\t\t\t<p>Since the day it was founded, Atiker Holding has adopted the principle of bringing Turkey together with modern working areas, as well as carrying out successful projects and services in its field. In this context, it entered the construction sector in 2013 and has carried out many successful projects. It has had a say in the sector with Atiker1, Atiker2, Atiker3 Industrial Sites, Oil Facilities and Business Centers, and continues its investments with Atiker4 industrial site.<\/p>\t\t\t\t\t\t\t\t<\/div>\n\t\t\t\t<\/div>\n\t\t\t\t\t<\/div>\n\t\t<\/div>\n\t\t\t\t\t<\/div>\n\t\t<\/section>\n\t\t\t\t\t<\/div>\n\t\t<\/div>\n\t\t\t\t\t<\/div>\n\t\t<\/section>\n\t\t\t\t<section class=\"elementor-section elementor-top-section elementor-element elementor-element-33d363e elementor-section-boxed elementor-section-height-default elementor-section-height-default\" data-id=\"33d363e\" data-element_type=\"section\" data-settings=\"{&quot;background_background&quot;:&quot;video&quot;,&quot;background_video_link&quot;:&quot;https:\\\/\\\/www.youtube.com\\\/watch?v=dOVIjkVI1c0&quot;,&quot;background_video_end&quot;:167,&quot;background_play_on_mobile&quot;:&quot;yes&quot;}\">\n\t\t\t\t\t\t\t\t<div class=\"elementor-background-video-container\">\n\t\t\t\t\t\t\t\t\t\t\t\t\t<div class=\"elementor-background-video-embed\"><\/div>\n\t\t\t\t\t\t\t\t\t\t\t\t<\/div>\n\t\t\t\t\t\t\t\t\t<div class=\"elementor-background-overlay\"><\/div>\n\t\t\t\t\t\t\t<div class=\"elementor-container elementor-column-gap-default\">\n\t\t\t\t\t<div class=\"elementor-column elementor-col-100 elementor-top-column elementor-element elementor-element-d53a726 animated-slow elementor-invisible\" data-id=\"d53a726\" data-element_type=\"column\" data-settings=\"{&quot;animation&quot;:&quot;fadeInLeft&quot;}\">\n\t\t\t<div class=\"elementor-widget-wrap\">\n\t\t\t\t\t\t\t<\/div>\n\t\t<\/div>\n\t\t\t\t\t<\/div>\n\t\t<\/section>\n\t\t\t\t<section class=\"elementor-section elementor-top-section elementor-element elementor-element-9378cfc elementor-section-boxed elementor-section-height-default elementor-section-height-default\" data-id=\"9378cfc\" data-element_type=\"section\" data-settings=\"{&quot;background_background&quot;:&quot;classic&quot;}\">\n\t\t\t\t\t\t<div class=\"elementor-container elementor-column-gap-default\">\n\t\t\t\t\t<div class=\"elementor-column elementor-col-100 elementor-top-column elementor-element elementor-element-17e2bf6\" data-id=\"17e2bf6\" data-element_type=\"column\">\n\t\t\t<div class=\"elementor-widget-wrap elementor-element-populated\">\n\t\t\t\t\t\t<section class=\"elementor-section elementor-inner-section elementor-element elementor-element-df0d844 elementor-section-full_width elementor-section-height-default elementor-section-height-default\" data-id=\"df0d844\" data-element_type=\"section\">\n\t\t\t\t\t\t<div class=\"elementor-container elementor-column-gap-default\">\n\t\t\t\t\t<div class=\"elementor-column elementor-col-33 elementor-inner-column elementor-element elementor-element-ef76789 animated-slow elementor-invisible\" data-id=\"ef76789\" data-element_type=\"column\" data-settings=\"{&quot;background_background&quot;:&quot;gradient&quot;,&quot;animation&quot;:&quot;fadeInLeft&quot;}\">\n\t\t\t<div class=\"elementor-widget-wrap elementor-element-populated\">\n\t\t\t\t\t\t<div class=\"elementor-element elementor-element-9e8f4d5 elementor-widget elementor-widget-image\" data-id=\"9e8f4d5\" data-element_type=\"widget\" data-widget_type=\"image.default\">\n\t\t\t\t<div class=\"elementor-widget-container\">\n\t\t\t\t\t\t\t\t\t\t\t\t\t\t\t<img decoding=\"async\" width=\"505\" height=\"268\" src=\"https:\/\/atikerholding.com.tr\/wp-content\/uploads\/2024\/03\/atiker-1-sanayi-sitesi.jpg\" class=\"attachment-full size-full wp-image-28533\" alt=\"\" srcset=\"https:\/\/atikerholding.com.tr\/wp-content\/uploads\/2024\/03\/atiker-1-sanayi-sitesi.jpg 505w, https:\/\/atikerholding.com.tr\/wp-content\/uploads\/2024\/03\/atiker-1-sanayi-sitesi-300x159.jpg 300w\" sizes=\"(max-width: 505px) 100vw, 505px\" \/>\t\t\t\t\t\t\t\t\t\t\t\t\t\t\t<\/div>\n\t\t\t\t<\/div>\n\t\t\t\t\t<\/div>\n\t\t<\/div>\n\t\t\t\t<div class=\"elementor-column elementor-col-33 elementor-inner-column elementor-element elementor-element-b0d2763 animated-slow elementor-invisible\" data-id=\"b0d2763\" data-element_type=\"column\" data-settings=\"{&quot;background_background&quot;:&quot;gradient&quot;,&quot;animation&quot;:&quot;fadeInDown&quot;}\">\n\t\t\t<div class=\"elementor-widget-wrap elementor-element-populated\">\n\t\t\t\t\t\t<div class=\"elementor-element elementor-element-00cdb70 elementor-widget elementor-widget-image\" data-id=\"00cdb70\" data-element_type=\"widget\" data-widget_type=\"image.default\">\n\t\t\t\t<div class=\"elementor-widget-container\">\n\t\t\t\t\t\t\t\t\t\t\t\t\t\t\t<img decoding=\"async\" width=\"505\" height=\"268\" src=\"https:\/\/atikerholding.com.tr\/wp-content\/uploads\/2024\/03\/atiker-2-sanayi-sitesi.jpg\" class=\"attachment-full size-full wp-image-28535\" alt=\"\" srcset=\"https:\/\/atikerholding.com.tr\/wp-content\/uploads\/2024\/03\/atiker-2-sanayi-sitesi.jpg 505w, https:\/\/atikerholding.com.tr\/wp-content\/uploads\/2024\/03\/atiker-2-sanayi-sitesi-300x159.jpg 300w\" sizes=\"(max-width: 505px) 100vw, 505px\" \/>\t\t\t\t\t\t\t\t\t\t\t\t\t\t\t<\/div>\n\t\t\t\t<\/div>\n\t\t\t\t\t<\/div>\n\t\t<\/div>\n\t\t\t\t<div class=\"elementor-column elementor-col-33 elementor-inner-column elementor-element elementor-element-1435151 animated-slow elementor-invisible\" data-id=\"1435151\" data-element_type=\"column\" data-settings=\"{&quot;background_background&quot;:&quot;gradient&quot;,&quot;animation&quot;:&quot;fadeInRight&quot;}\">\n\t\t\t<div class=\"elementor-widget-wrap elementor-element-populated\">\n\t\t\t\t\t\t<div class=\"elementor-element elementor-element-afcbce4 elementor-widget elementor-widget-image\" data-id=\"afcbce4\" data-element_type=\"widget\" data-widget_type=\"image.default\">\n\t\t\t\t<div class=\"elementor-widget-container\">\n\t\t\t\t\t\t\t\t\t\t\t\t\t\t\t<img loading=\"lazy\" decoding=\"async\" width=\"505\" height=\"268\" src=\"https:\/\/atikerholding.com.tr\/wp-content\/uploads\/2024\/03\/atiker-3-sanayi-sitesi.jpg\" class=\"attachment-full size-full wp-image-28537\" alt=\"\" srcset=\"https:\/\/atikerholding.com.tr\/wp-content\/uploads\/2024\/03\/atiker-3-sanayi-sitesi.jpg 505w, https:\/\/atikerholding.com.tr\/wp-content\/uploads\/2024\/03\/atiker-3-sanayi-sitesi-300x159.jpg 300w\" sizes=\"(max-width: 505px) 100vw, 505px\" \/>\t\t\t\t\t\t\t\t\t\t\t\t\t\t\t<\/div>\n\t\t\t\t<\/div>\n\t\t\t\t\t<\/div>\n\t\t<\/div>\n\t\t\t\t\t<\/div>\n\t\t<\/section>\n\t\t\t\t<section class=\"elementor-section elementor-inner-section elementor-element elementor-element-a51f30d elementor-section-full_width animated-slow elementor-section-height-default elementor-section-height-default elementor-invisible\" data-id=\"a51f30d\" data-element_type=\"section\" data-settings=\"{&quot;animation&quot;:&quot;fadeInDown&quot;}\">\n\t\t\t\t\t\t<div class=\"elementor-container elementor-column-gap-default\">\n\t\t\t\t\t<div class=\"elementor-column elementor-col-33 elementor-inner-column elementor-element elementor-element-603b180 animated-slow elementor-invisible\" data-id=\"603b180\" data-element_type=\"column\" data-settings=\"{&quot;background_background&quot;:&quot;gradient&quot;,&quot;animation&quot;:&quot;fadeInLeft&quot;}\">\n\t\t\t<div class=\"elementor-widget-wrap elementor-element-populated\">\n\t\t\t\t\t\t<div class=\"elementor-element elementor-element-575a692 elementor-widget elementor-widget-image\" data-id=\"575a692\" data-element_type=\"widget\" data-widget_type=\"image.default\">\n\t\t\t\t<div class=\"elementor-widget-container\">\n\t\t\t\t\t\t\t\t\t\t\t\t\t\t\t<img loading=\"lazy\" decoding=\"async\" width=\"505\" height=\"268\" src=\"https:\/\/atikerholding.com.tr\/wp-content\/uploads\/2024\/03\/atiker-4-sanayi-sitesi.jpg\" class=\"attachment-full size-full wp-image-28539\" alt=\"\" srcset=\"https:\/\/atikerholding.com.tr\/wp-content\/uploads\/2024\/03\/atiker-4-sanayi-sitesi.jpg 505w, https:\/\/atikerholding.com.tr\/wp-content\/uploads\/2024\/03\/atiker-4-sanayi-sitesi-300x159.jpg 300w\" sizes=\"(max-width: 505px) 100vw, 505px\" \/>\t\t\t\t\t\t\t\t\t\t\t\t\t\t\t<\/div>\n\t\t\t\t<\/div>\n\t\t\t\t\t<\/div>\n\t\t<\/div>\n\t\t\t\t<div class=\"elementor-column elementor-col-33 elementor-inner-column elementor-element elementor-element-1a2f4a7 animated-slow elementor-invisible\" data-id=\"1a2f4a7\" data-element_type=\"column\" data-settings=\"{&quot;background_background&quot;:&quot;gradient&quot;,&quot;animation&quot;:&quot;fadeInUp&quot;}\">\n\t\t\t<div class=\"elementor-widget-wrap elementor-element-populated\">\n\t\t\t\t\t\t<div class=\"elementor-element elementor-element-fc24692 elementor-widget elementor-widget-image\" data-id=\"fc24692\" data-element_type=\"widget\" data-widget_type=\"image.default\">\n\t\t\t\t<div class=\"elementor-widget-container\">\n\t\t\t\t\t\t\t\t\t\t\t\t\t\t\t<img loading=\"lazy\" decoding=\"async\" width=\"505\" height=\"268\" src=\"https:\/\/atikerholding.com.tr\/wp-content\/uploads\/2024\/03\/atiker-is-merkezi.jpg\" class=\"attachment-full size-full wp-image-28541\" alt=\"\" srcset=\"https:\/\/atikerholding.com.tr\/wp-content\/uploads\/2024\/03\/atiker-is-merkezi.jpg 505w, https:\/\/atikerholding.com.tr\/wp-content\/uploads\/2024\/03\/atiker-is-merkezi-300x159.jpg 300w\" sizes=\"(max-width: 505px) 100vw, 505px\" \/>\t\t\t\t\t\t\t\t\t\t\t\t\t\t\t<\/div>\n\t\t\t\t<\/div>\n\t\t\t\t\t<\/div>\n\t\t<\/div>\n\t\t\t\t<div class=\"elementor-column elementor-col-33 elementor-inner-column elementor-element elementor-element-cd2f935 animated-slow elementor-invisible\" data-id=\"cd2f935\" data-element_type=\"column\" data-settings=\"{&quot;background_background&quot;:&quot;gradient&quot;,&quot;animation&quot;:&quot;fadeInRight&quot;}\">\n\t\t\t<div class=\"elementor-widget-wrap elementor-element-populated\">\n\t\t\t\t\t\t<div class=\"elementor-element elementor-element-603e806 elementor-widget elementor-widget-image\" data-id=\"603e806\" data-element_type=\"widget\" data-widget_type=\"image.default\">\n\t\t\t\t<div class=\"elementor-widget-container\">\n\t\t\t\t\t\t\t\t\t\t\t\t\t\t\t<img loading=\"lazy\" decoding=\"async\" width=\"505\" height=\"268\" src=\"https:\/\/atikerholding.com.tr\/wp-content\/uploads\/2024\/03\/atiker-petrol-ve-is-merkezleri.jpg\" class=\"attachment-full size-full wp-image-28543\" alt=\"\" srcset=\"https:\/\/atikerholding.com.tr\/wp-content\/uploads\/2024\/03\/atiker-petrol-ve-is-merkezleri.jpg 505w, https:\/\/atikerholding.com.tr\/wp-content\/uploads\/2024\/03\/atiker-petrol-ve-is-merkezleri-300x159.jpg 300w\" sizes=\"(max-width: 505px) 100vw, 505px\" \/>\t\t\t\t\t\t\t\t\t\t\t\t\t\t\t<\/div>\n\t\t\t\t<\/div>\n\t\t\t\t\t<\/div>\n\t\t<\/div>\n\t\t\t\t\t<\/div>\n\t\t<\/section>\n\t\t\t\t\t<\/div>\n\t\t<\/div>\n\t\t\t\t\t<\/div>\n\t\t<\/section>\n\t\t\t\t<\/div>\n\t\t","protected":false},"excerpt":{"rendered":"<p>HIGH SAVINGS HIGH PERFORMANCE Home Construction A TURKISH BRAND WORLDWIDE As a world-wide Turkish brand, we create a global impact with the products and services we proudly introduce. We are proud to be a brand known worldwide with our quality and innovative approach, going beyond the borders of Turkey. our v\u0131s\u0131on To ensure the continuous &#8230; <a title=\"Construction\" class=\"read-more\" href=\"https:\/\/atikerholding.com.tr\/en\/construction\/\" aria-label=\"More on Construction\">Read more<\/a><\/p>\n","protected":false},"author":1,"featured_media":0,"parent":0,"menu_order":0,"comment_status":"closed","ping_status":"closed","template":"elementor_header_footer","meta":{"footnotes":""},"_links":{"self":[{"href":"https:\/\/atikerholding.com.tr\/en\/wp-json\/wp\/v2\/pages\/27652"}],"collection":[{"href":"https:\/\/atikerholding.com.tr\/en\/wp-json\/wp\/v2\/pages"}],"about":[{"href":"https:\/\/atikerholding.com.tr\/en\/wp-json\/wp\/v2\/types\/page"}],"author":[{"embeddable":true,"href":"https:\/\/atikerholding.com.tr\/en\/wp-json\/wp\/v2\/users\/1"}],"replies":[{"embeddable":true,"href":"https:\/\/atikerholding.com.tr\/en\/wp-json\/wp\/v2\/comments?post=27652"}],"version-history":[{"count":16,"href":"https:\/\/atikerholding.com.tr\/en\/wp-json\/wp\/v2\/pages\/27652\/revisions"}],"predecessor-version":[{"id":28667,"href":"https:\/\/atikerholding.com.tr\/en\/wp-json\/wp\/v2\/pages\/27652\/revisions\/28667"}],"wp:attachment":[{"href":"https:\/\/atikerholding.com.tr\/en\/wp-json\/wp\/v2\/media?parent=27652"}],"curies":[{"name":"wp","href":"https:\/\/api.w.org\/{rel}","templated":true}]}}