{"id":27658,"date":"2024-02-15T14:44:42","date_gmt":"2024-02-15T14:44:42","guid":{"rendered":"https:\/\/atikerholding.com.tr\/mobil-araclar\/"},"modified":"2024-03-06T07:29:45","modified_gmt":"2024-03-06T07:29:45","slug":"mobile-vehicles","status":"publish","type":"page","link":"https:\/\/atikerholding.com.tr\/en\/mobile-vehicles\/","title":{"rendered":"Mobile Vehicles"},"content":{"rendered":"\t\t<div data-elementor-type=\"wp-page\" data-elementor-id=\"27658\" class=\"elementor elementor-27658\">\n\t\t\t\t\t\t<section class=\"elementor-section elementor-top-section elementor-element elementor-element-2286a65 elementor-section-boxed elementor-section-height-default elementor-section-height-default\" data-id=\"2286a65\" data-element_type=\"section\" data-settings=\"{&quot;background_background&quot;:&quot;video&quot;,&quot;background_video_link&quot;:&quot;https:\\\/\\\/www.youtube.com\\\/watch?v=rP-o7WSIee4&amp;t=11s&quot;,&quot;background_video_end&quot;:86,&quot;background_play_on_mobile&quot;:&quot;yes&quot;,&quot;background_video_start&quot;:81.5}\">\n\t\t\t\t\t\t\t\t<div class=\"elementor-background-video-container\">\n\t\t\t\t\t\t\t\t\t\t\t\t\t<div class=\"elementor-background-video-embed\"><\/div>\n\t\t\t\t\t\t\t\t\t\t\t\t<\/div>\n\t\t\t\t\t\t\t\t\t<div class=\"elementor-background-overlay\"><\/div>\n\t\t\t\t\t\t\t<div class=\"elementor-container elementor-column-gap-default\">\n\t\t\t\t\t<div class=\"elementor-column elementor-col-100 elementor-top-column elementor-element elementor-element-53847d6 animated-slow elementor-invisible\" data-id=\"53847d6\" data-element_type=\"column\" data-settings=\"{&quot;animation&quot;:&quot;fadeInLeft&quot;}\">\n\t\t\t<div class=\"elementor-widget-wrap elementor-element-populated\">\n\t\t\t\t\t\t<div class=\"elementor-element elementor-element-4b08767 animated-slow elementor-invisible elementor-widget elementor-widget-heading\" data-id=\"4b08767\" data-element_type=\"widget\" data-settings=\"{&quot;_animation&quot;:&quot;fadeInUp&quot;}\" data-widget_type=\"heading.default\">\n\t\t\t\t<div class=\"elementor-widget-container\">\n\t\t\t\t\t<h2 class=\"elementor-heading-title elementor-size-default\">HIGH SAVINGS<br> HIGH PERFORMANCE<\/h2>\t\t\t\t<\/div>\n\t\t\t\t<\/div>\n\t\t\t\t<div class=\"elementor-element elementor-element-8f310d0 elementor-icon-list--layout-inline elementor-list-item-link-full_width elementor-widget elementor-widget-icon-list\" data-id=\"8f310d0\" data-element_type=\"widget\" data-widget_type=\"icon-list.default\">\n\t\t\t\t<div class=\"elementor-widget-container\">\n\t\t\t\t\t\t\t<ul class=\"elementor-icon-list-items elementor-inline-items\">\n\t\t\t\t\t\t\t<li class=\"elementor-icon-list-item elementor-inline-item\">\n\t\t\t\t\t\t\t\t\t\t\t<a href=\"\/en\/\">\n\n\t\t\t\t\t\t\t\t\t\t\t<span class=\"elementor-icon-list-text\">Home<\/span>\n\t\t\t\t\t\t\t\t\t\t\t<\/a>\n\t\t\t\t\t\t\t\t\t<\/li>\n\t\t\t\t\t\t\t\t<li class=\"elementor-icon-list-item elementor-inline-item\">\n\t\t\t\t\t\t\t\t\t\t\t<span class=\"elementor-icon-list-icon\">\n\t\t\t\t\t\t\t<i aria-hidden=\"true\" class=\"jki jki-right-arrow\"><\/i>\t\t\t\t\t\t<\/span>\n\t\t\t\t\t\t\t\t\t\t<span class=\"elementor-icon-list-text\">Mobile Vehicles<\/span>\n\t\t\t\t\t\t\t\t\t<\/li>\n\t\t\t\t\t\t<\/ul>\n\t\t\t\t\t\t<\/div>\n\t\t\t\t<\/div>\n\t\t\t\t\t<\/div>\n\t\t<\/div>\n\t\t\t\t\t<\/div>\n\t\t<\/section>\n\t\t\t\t<section class=\"elementor-section elementor-top-section elementor-element elementor-element-2f7df91 elementor-section-boxed elementor-section-height-default elementor-section-height-default\" data-id=\"2f7df91\" data-element_type=\"section\" data-settings=\"{&quot;background_background&quot;:&quot;classic&quot;}\">\n\t\t\t\t\t\t<div class=\"elementor-container elementor-column-gap-default\">\n\t\t\t\t\t<div class=\"elementor-column elementor-col-100 elementor-top-column elementor-element elementor-element-c5e63af\" data-id=\"c5e63af\" data-element_type=\"column\">\n\t\t\t<div class=\"elementor-widget-wrap elementor-element-populated\">\n\t\t\t\t\t\t<div class=\"elementor-element elementor-element-cba728c animated-slow elementor-invisible elementor-widget elementor-widget-heading\" data-id=\"cba728c\" data-element_type=\"widget\" data-settings=\"{&quot;_animation&quot;:&quot;fadeInDown&quot;}\" data-widget_type=\"heading.default\">\n\t\t\t\t<div class=\"elementor-widget-container\">\n\t\t\t\t\t<h2 class=\"elementor-heading-title elementor-size-default\">A TURKISH BRAND WORLDWIDE<\/h2>\t\t\t\t<\/div>\n\t\t\t\t<\/div>\n\t\t\t\t<div class=\"elementor-element elementor-element-fbbc93f animated-slow elementor-invisible elementor-widget elementor-widget-text-editor\" data-id=\"fbbc93f\" data-element_type=\"widget\" data-settings=\"{&quot;_animation&quot;:&quot;fadeInUp&quot;}\" data-widget_type=\"text-editor.default\">\n\t\t\t\t<div class=\"elementor-widget-container\">\n\t\t\t\t\t\t\t\t\t<p>As a world-wide Turkish brand, we create a global impact with the products and services we proudly introduce. We are proud to be a brand known worldwide with our quality and innovative approach, going beyond the borders of Turkey.<\/p>\t\t\t\t\t\t\t\t<\/div>\n\t\t\t\t<\/div>\n\t\t\t\t\t<\/div>\n\t\t<\/div>\n\t\t\t\t\t<\/div>\n\t\t<\/section>\n\t\t\t\t<section class=\"elementor-section elementor-top-section elementor-element elementor-element-19dc5f7 elementor-section-full_width elementor-section-height-default elementor-section-height-default\" data-id=\"19dc5f7\" data-element_type=\"section\" data-settings=\"{&quot;background_background&quot;:&quot;classic&quot;}\">\n\t\t\t\t\t\t<div class=\"elementor-container elementor-column-gap-default\">\n\t\t\t\t\t<div class=\"elementor-column elementor-col-100 elementor-top-column elementor-element elementor-element-1592b7f\" data-id=\"1592b7f\" data-element_type=\"column\">\n\t\t\t<div class=\"elementor-widget-wrap elementor-element-populated\">\n\t\t\t\t\t\t<section class=\"elementor-section elementor-inner-section elementor-element elementor-element-f76e5ec elementor-section-boxed elementor-section-height-default elementor-section-height-default\" data-id=\"f76e5ec\" data-element_type=\"section\" data-settings=\"{&quot;background_background&quot;:&quot;classic&quot;}\">\n\t\t\t\t\t\t<div class=\"elementor-container elementor-column-gap-default\">\n\t\t\t\t\t<div class=\"elementor-column elementor-col-50 elementor-inner-column elementor-element elementor-element-232457d animated-slow elementor-invisible\" data-id=\"232457d\" data-element_type=\"column\" data-settings=\"{&quot;background_background&quot;:&quot;classic&quot;,&quot;animation&quot;:&quot;fadeInLeft&quot;}\">\n\t\t\t<div class=\"elementor-widget-wrap elementor-element-populated\">\n\t\t\t\t\t<div class=\"elementor-background-overlay\"><\/div>\n\t\t\t\t\t\t<div class=\"elementor-element elementor-element-066455a elementor-widget elementor-widget-heading\" data-id=\"066455a\" data-element_type=\"widget\" data-widget_type=\"heading.default\">\n\t\t\t\t<div class=\"elementor-widget-container\">\n\t\t\t\t\t<h2 class=\"elementor-heading-title elementor-size-default\">OUR VISION<\/h2>\t\t\t\t<\/div>\n\t\t\t\t<\/div>\n\t\t\t\t<div class=\"elementor-element elementor-element-ff318ee elementor-widget elementor-widget-text-editor\" data-id=\"ff318ee\" data-element_type=\"widget\" data-widget_type=\"text-editor.default\">\n\t\t\t\t<div class=\"elementor-widget-container\">\n\t\t\t\t\t\t\t\t\t<p>To ensure the continuous development of the products produced by keeping the satisfaction of all our stakeholders, especially customers and employees, at the highest level in every sector in which we operate. To continue to contribute to our country&#8217;s economy and work for its benefit with a reliable and transparent production approach.<\/p><p>To move forward with strong steps by improving service quality day by day in the sectors in which you operate. Our knowledge and experience gained by serving our customers for many years; To continue working wholeheartedly with the power of our corporate culture, values and qualified human resources.<\/p><p>Opening up to new markets with stable growth.<\/p>\t\t\t\t\t\t\t\t<\/div>\n\t\t\t\t<\/div>\n\t\t\t\t\t<\/div>\n\t\t<\/div>\n\t\t\t\t<div class=\"elementor-column elementor-col-50 elementor-inner-column elementor-element elementor-element-db4bedd animated-slow elementor-invisible\" data-id=\"db4bedd\" data-element_type=\"column\" data-settings=\"{&quot;background_background&quot;:&quot;classic&quot;,&quot;animation&quot;:&quot;fadeInRight&quot;}\">\n\t\t\t<div class=\"elementor-widget-wrap elementor-element-populated\">\n\t\t\t\t\t<div class=\"elementor-background-overlay\"><\/div>\n\t\t\t\t\t\t<div class=\"elementor-element elementor-element-0fc0809 elementor-widget elementor-widget-heading\" data-id=\"0fc0809\" data-element_type=\"widget\" data-widget_type=\"heading.default\">\n\t\t\t\t<div class=\"elementor-widget-container\">\n\t\t\t\t\t<h2 class=\"elementor-heading-title elementor-size-default\">OUR MISSION<\/h2>\t\t\t\t<\/div>\n\t\t\t\t<\/div>\n\t\t\t\t<div class=\"elementor-element elementor-element-8bad541 elementor-widget elementor-widget-text-editor\" data-id=\"8bad541\" data-element_type=\"widget\" data-widget_type=\"text-editor.default\">\n\t\t\t\t<div class=\"elementor-widget-container\">\n\t\t\t\t\t\t\t\t\t<p>To offer environmentally friendly products that never compromise on product quality and safety, taking into account consumer expectations. To be a pioneer in the sectors we operate in and an example to the whole world with products developed thanks to high technological infrastructure.<\/p><p>To be a popular brand with projects developed based on respect for people. To meet the expectations of our customers in the best way by making their lives easier by acting with the understanding of social benefit. To increase the worldwide awareness and prestige of the brands we represent.<\/p><p>To keep efficiency at the highest level with sustainable production.<\/p>\t\t\t\t\t\t\t\t<\/div>\n\t\t\t\t<\/div>\n\t\t\t\t\t<\/div>\n\t\t<\/div>\n\t\t\t\t\t<\/div>\n\t\t<\/section>\n\t\t\t\t\t<\/div>\n\t\t<\/div>\n\t\t\t\t\t<\/div>\n\t\t<\/section>\n\t\t\t\t<section class=\"elementor-section elementor-top-section elementor-element elementor-element-a038474 elementor-section-full_width elementor-section-height-default elementor-section-height-default\" data-id=\"a038474\" data-element_type=\"section\" data-settings=\"{&quot;background_background&quot;:&quot;classic&quot;}\">\n\t\t\t\t\t\t<div class=\"elementor-container elementor-column-gap-default\">\n\t\t\t\t\t<div class=\"elementor-column elementor-col-100 elementor-top-column elementor-element elementor-element-516bd62\" data-id=\"516bd62\" data-element_type=\"column\">\n\t\t\t<div class=\"elementor-widget-wrap elementor-element-populated\">\n\t\t\t\t\t\t<div class=\"elementor-element elementor-element-50b9078 animated-slow elementor-invisible elementor-widget elementor-widget-image\" data-id=\"50b9078\" data-element_type=\"widget\" data-settings=\"{&quot;_animation&quot;:&quot;fadeIn&quot;,&quot;_animation_delay&quot;:500}\" data-widget_type=\"image.default\">\n\t\t\t\t<div class=\"elementor-widget-container\">\n\t\t\t\t\t\t\t\t\t\t\t\t\t\t\t<img fetchpriority=\"high\" decoding=\"async\" width=\"1920\" height=\"1000\" src=\"https:\/\/atikerholding.com.tr\/wp-content\/uploads\/2024\/02\/mobilaracline-2.jpg\" class=\"attachment-full size-full wp-image-25735\" alt=\"\" srcset=\"https:\/\/atikerholding.com.tr\/wp-content\/uploads\/2024\/02\/mobilaracline-2.jpg 1920w, https:\/\/atikerholding.com.tr\/wp-content\/uploads\/2024\/02\/mobilaracline-2-300x156.jpg 300w, https:\/\/atikerholding.com.tr\/wp-content\/uploads\/2024\/02\/mobilaracline-2-1024x533.jpg 1024w, https:\/\/atikerholding.com.tr\/wp-content\/uploads\/2024\/02\/mobilaracline-2-768x400.jpg 768w, https:\/\/atikerholding.com.tr\/wp-content\/uploads\/2024\/02\/mobilaracline-2-1536x800.jpg 1536w\" sizes=\"(max-width: 1920px) 100vw, 1920px\" \/>\t\t\t\t\t\t\t\t\t\t\t\t\t\t\t<\/div>\n\t\t\t\t<\/div>\n\t\t\t\t\t<\/div>\n\t\t<\/div>\n\t\t\t\t\t<\/div>\n\t\t<\/section>\n\t\t\t\t<section class=\"elementor-section elementor-top-section elementor-element elementor-element-747c8db elementor-section-full_width elementor-section-height-default elementor-section-height-default\" data-id=\"747c8db\" data-element_type=\"section\" data-settings=\"{&quot;background_background&quot;:&quot;classic&quot;}\">\n\t\t\t\t\t\t<div class=\"elementor-container elementor-column-gap-default\">\n\t\t\t\t\t<div class=\"elementor-column elementor-col-100 elementor-top-column elementor-element elementor-element-c9ddb97\" data-id=\"c9ddb97\" data-element_type=\"column\">\n\t\t\t<div class=\"elementor-widget-wrap\">\n\t\t\t\t\t\t\t<\/div>\n\t\t<\/div>\n\t\t\t\t\t<\/div>\n\t\t<\/section>\n\t\t\t\t<section class=\"elementor-section elementor-top-section elementor-element elementor-element-1b78b20 elementor-section-full_width elementor-section-height-default elementor-section-height-default\" data-id=\"1b78b20\" data-element_type=\"section\" data-settings=\"{&quot;background_background&quot;:&quot;classic&quot;}\">\n\t\t\t\t\t\t<div class=\"elementor-container elementor-column-gap-default\">\n\t\t\t\t\t<div class=\"elementor-column elementor-col-100 elementor-top-column elementor-element elementor-element-44fe79a\" data-id=\"44fe79a\" data-element_type=\"column\">\n\t\t\t<div class=\"elementor-widget-wrap elementor-element-populated\">\n\t\t\t\t\t\t<section class=\"elementor-section elementor-inner-section elementor-element elementor-element-268950f elementor-reverse-mobile elementor-section-boxed elementor-section-height-default elementor-section-height-default\" data-id=\"268950f\" data-element_type=\"section\" data-settings=\"{&quot;background_background&quot;:&quot;classic&quot;}\">\n\t\t\t\t\t\t<div class=\"elementor-container elementor-column-gap-default\">\n\t\t\t\t\t<div class=\"elementor-column elementor-col-50 elementor-inner-column elementor-element elementor-element-95e18be animated-slow elementor-invisible\" data-id=\"95e18be\" data-element_type=\"column\" data-settings=\"{&quot;background_background&quot;:&quot;classic&quot;,&quot;animation&quot;:&quot;fadeInLeft&quot;}\">\n\t\t\t<div class=\"elementor-widget-wrap elementor-element-populated\">\n\t\t\t\t\t<div class=\"elementor-background-overlay\"><\/div>\n\t\t\t\t\t\t<div class=\"elementor-element elementor-element-4f3677f elementor-widget elementor-widget-heading\" data-id=\"4f3677f\" data-element_type=\"widget\" data-widget_type=\"heading.default\">\n\t\t\t\t<div class=\"elementor-widget-container\">\n\t\t\t\t\t<h2 class=\"elementor-heading-title elementor-size-default\">MOBILCHEF END\u00dcSTR\u0130YEL MOB\u0130L MUTFAK <\/h2>\t\t\t\t<\/div>\n\t\t\t\t<\/div>\n\t\t\t\t<div class=\"elementor-element elementor-element-9b80e28 elementor-widget elementor-widget-text-editor\" data-id=\"9b80e28\" data-element_type=\"widget\" data-widget_type=\"text-editor.default\">\n\t\t\t\t<div class=\"elementor-widget-container\">\n\t\t\t\t\t\t\t\t\t<p>Caravan Type Mobile Kitchens, Food-Trailers and Kiosks, Modular Kitchen Systems, Mobile Pizza Oven, Trailer Type Kitchens, Sahara Kitchens, Vehicle Mounted Kitchen Systems, designed by \u00d6mer Atiker Holding brand MobileChef for different purposes, enable you to deliver your food products to consumers in a healthy and safe manner. provides. Stay in touch with your customers with the original, ergonomic, healthy and safe mobile kitchen solutions offered by MOBILCHEF.<\/p><p>Believing that we derive our strength from customer satisfaction, we operate effective ISO 9001 Quality Management, ISO 22000 Food Safety, ISO 14001 Environmental Safety, ISO 50001 Energy Management, COVID 19 Safe Production and Safe Service systems to contribute to the sustainable competitiveness of our customers.<\/p>\t\t\t\t\t\t\t\t<\/div>\n\t\t\t\t<\/div>\n\t\t\t\t\t<\/div>\n\t\t<\/div>\n\t\t\t\t<div class=\"elementor-column elementor-col-50 elementor-inner-column elementor-element elementor-element-cddb4f5 animated-slow elementor-invisible\" data-id=\"cddb4f5\" data-element_type=\"column\" data-settings=\"{&quot;background_background&quot;:&quot;classic&quot;,&quot;animation&quot;:&quot;fadeInRight&quot;}\">\n\t\t\t<div class=\"elementor-widget-wrap elementor-element-populated\">\n\t\t\t\t\t<div class=\"elementor-background-overlay\"><\/div>\n\t\t\t\t\t\t<div class=\"elementor-element elementor-element-19ac6d8 elementor-widget elementor-widget-image\" data-id=\"19ac6d8\" data-element_type=\"widget\" data-widget_type=\"image.default\">\n\t\t\t\t<div class=\"elementor-widget-container\">\n\t\t\t\t\t\t\t\t\t\t\t\t\t\t\t<img decoding=\"async\" width=\"505\" height=\"268\" src=\"https:\/\/atikerholding.com.tr\/wp-content\/uploads\/2024\/01\/MOBILCFHEF-1.jpg\" class=\"attachment-full size-full wp-image-24828\" alt=\"\" srcset=\"https:\/\/atikerholding.com.tr\/wp-content\/uploads\/2024\/01\/MOBILCFHEF-1.jpg 505w, https:\/\/atikerholding.com.tr\/wp-content\/uploads\/2024\/01\/MOBILCFHEF-1-300x159.jpg 300w\" sizes=\"(max-width: 505px) 100vw, 505px\" \/>\t\t\t\t\t\t\t\t\t\t\t\t\t\t\t<\/div>\n\t\t\t\t<\/div>\n\t\t\t\t\t<\/div>\n\t\t<\/div>\n\t\t\t\t\t<\/div>\n\t\t<\/section>\n\t\t\t\t\t<\/div>\n\t\t<\/div>\n\t\t\t\t\t<\/div>\n\t\t<\/section>\n\t\t\t\t<section class=\"elementor-section elementor-top-section elementor-element elementor-element-33d363e elementor-section-boxed elementor-section-height-default elementor-section-height-default\" data-id=\"33d363e\" data-element_type=\"section\" data-settings=\"{&quot;background_background&quot;:&quot;video&quot;,&quot;background_video_link&quot;:&quot;https:\\\/\\\/www.youtube.com\\\/watch?v=q4lINSNRyFQ&quot;,&quot;background_video_end&quot;:36,&quot;background_play_on_mobile&quot;:&quot;yes&quot;,&quot;background_video_start&quot;:31.2}\">\n\t\t\t\t\t\t\t\t<div class=\"elementor-background-video-container\">\n\t\t\t\t\t\t\t\t\t\t\t\t\t<div class=\"elementor-background-video-embed\"><\/div>\n\t\t\t\t\t\t\t\t\t\t\t\t<\/div>\n\t\t\t\t\t\t\t\t\t<div class=\"elementor-background-overlay\"><\/div>\n\t\t\t\t\t\t\t<div class=\"elementor-container elementor-column-gap-default\">\n\t\t\t\t\t<div class=\"elementor-column elementor-col-100 elementor-top-column elementor-element elementor-element-d53a726 animated-slow elementor-invisible\" data-id=\"d53a726\" data-element_type=\"column\" data-settings=\"{&quot;animation&quot;:&quot;fadeInLeft&quot;}\">\n\t\t\t<div class=\"elementor-widget-wrap\">\n\t\t\t\t\t\t\t<\/div>\n\t\t<\/div>\n\t\t\t\t\t<\/div>\n\t\t<\/section>\n\t\t\t\t<\/div>\n\t\t","protected":false},"excerpt":{"rendered":"<p>HIGH SAVINGS HIGH PERFORMANCE Home Mobile Vehicles A TURKISH BRAND WORLDWIDE As a world-wide Turkish brand, we create a global impact with the products and services we proudly introduce. We are proud to be a brand known worldwide with our quality and innovative approach, going beyond the borders of Turkey. OUR VISION To ensure the &#8230; <a title=\"Mobile Vehicles\" class=\"read-more\" href=\"https:\/\/atikerholding.com.tr\/en\/mobile-vehicles\/\" aria-label=\"More on Mobile Vehicles\">Read more<\/a><\/p>\n","protected":false},"author":1,"featured_media":0,"parent":0,"menu_order":0,"comment_status":"closed","ping_status":"closed","template":"elementor_header_footer","meta":{"footnotes":""},"_links":{"self":[{"href":"https:\/\/atikerholding.com.tr\/en\/wp-json\/wp\/v2\/pages\/27658"}],"collection":[{"href":"https:\/\/atikerholding.com.tr\/en\/wp-json\/wp\/v2\/pages"}],"about":[{"href":"https:\/\/atikerholding.com.tr\/en\/wp-json\/wp\/v2\/types\/page"}],"author":[{"embeddable":true,"href":"https:\/\/atikerholding.com.tr\/en\/wp-json\/wp\/v2\/users\/1"}],"replies":[{"embeddable":true,"href":"https:\/\/atikerholding.com.tr\/en\/wp-json\/wp\/v2\/comments?post=27658"}],"version-history":[{"count":32,"href":"https:\/\/atikerholding.com.tr\/en\/wp-json\/wp\/v2\/pages\/27658\/revisions"}],"predecessor-version":[{"id":28615,"href":"https:\/\/atikerholding.com.tr\/en\/wp-json\/wp\/v2\/pages\/27658\/revisions\/28615"}],"wp:attachment":[{"href":"https:\/\/atikerholding.com.tr\/en\/wp-json\/wp\/v2\/media?parent=27658"}],"curies":[{"name":"wp","href":"https:\/\/api.w.org\/{rel}","templated":true}]}}